{"id":839,"date":"2013-11-26T04:10:02","date_gmt":"2013-11-26T04:10:02","guid":{"rendered":"http:\/\/wpexplorer-demos.com\/?page_id=839"},"modified":"2024-05-23T14:22:20","modified_gmt":"2024-05-23T14:22:20","slug":"home","status":"publish","type":"page","link":"https:\/\/www.ibe.gov.mz\/","title":{"rendered":"Homepage"},"content":{"rendered":"[vc_row full_width=&#8221;stretch_row_content_no_spaces&#8221; css=&#8221;.vc_custom_1489893861136{padding-bottom: 20px !important;}&#8221;][vc_column][rev_slider_vc alias=&#8221;slider_7&#8243;][\/vc_column][\/vc_row][vc_row bg_style=&#8221;stretch&#8221;][vc_column width=&#8221;1\/3&#8243;][vc_video link=&#8221;https:\/\/youtu.be\/2jbKPlZ3c54&#8243; align=&#8221;center&#8221; css_animation=&#8221;bounceIn&#8221;][\/vc_column][vc_column css_animation=&#8221;bounceIn&#8221; width=&#8221;2\/3&#8243;][vc_tta_tabs][vc_tta_section i_icon_fontawesome=&#8221;fas fa-landmark&#8221; add_icon=&#8221;true&#8221; title=&#8221;Natureza&#8221; tab_id=&#8221;1616779952572-27554b47-866d&#8221;]<span class=\"vcex-animated-text vcex-module wpex-m-0 wpex-text-xl wpex-text-gray-900 wpex-font-semibold wpex-leading-none vcex-typed-text-wrap wpex-mb-15\" style=\"color:#2d5d93;font-weight:400;\"><span class=\"screen-reader-text\"><span>O IBE \u00e9 uma institui\u00e7\u00e3o p\u00fablica de \u00e2mbito nacional com autonomia administrativa, tutelado por Ministro que superintende a \u00e1rea do Enisno Superior. Criado por Decreto 30\/2007 de 10 de Agosto e revisto pelo Decreto n\u00ba 24\/2017 de 10 de Junho.<\/span><\/span><span class=\"vcex-ph wpex-inline-block wpex-invisible\"><\/span><span class=\"vcex-typed-text\" data-settings=\"{&quot;typeSpeed&quot;:&quot;40&quot;,&quot;loop&quot;:true,&quot;showCursor&quot;:false,&quot;backDelay&quot;:500,&quot;backSpeed&quot;:&quot;0&quot;,&quot;startDelay&quot;:&quot;0&quot;}\" data-strings=\"[&quot;O IBE \\u00e9 uma institui\\u00e7\\u00e3o p\\u00fablica de \\u00e2mbito nacional com autonomia administrativa, tutelado por Ministro que superintende a \\u00e1rea do Enisno Superior. Criado por Decreto 30\\\/2007 de 10 de Agosto e revisto pelo Decreto n\\u00ba 24\\\/2017 de 10 de Junho.&quot;]\"><\/span><\/span>[\/vc_tta_section][vc_tta_section i_icon_fontawesome=&#8221;fas fa-handshake&#8221; add_icon=&#8221;true&#8221; title=&#8221;Miss\u00e3o&#8221; tab_id=&#8221;1616782012443-36e38280-12b8&#8243;]<span class=\"vcex-animated-text vcex-module wpex-m-0 wpex-text-xl wpex-text-gray-900 wpex-font-semibold wpex-leading-none vcex-typed-text-wrap wpex-mb-15\" style=\"color:#1e4696;font-weight:400;\"><span class=\"screen-reader-text\"><span>Assegurar a atribui\u00e7\u00e3o, coordena\u00e7\u00e3o integrada de bolsas de estudo para forma\u00e7\u00e3o acad\u00eamica e profissional, dentro e fora do pa\u00eds, observando as pol\u00edticas e as \u00e1reas priorit\u00e1rias definidas pelo governo.<\/span><\/span><span class=\"vcex-ph wpex-inline-block wpex-invisible\"><\/span><span class=\"vcex-typed-text\" data-settings=\"{&quot;typeSpeed&quot;:&quot;40&quot;,&quot;loop&quot;:true,&quot;showCursor&quot;:false,&quot;backDelay&quot;:500,&quot;backSpeed&quot;:&quot;0&quot;,&quot;startDelay&quot;:&quot;0&quot;}\" data-strings=\"[&quot;Assegurar a atribui\\u00e7\\u00e3o, coordena\\u00e7\\u00e3o integrada de bolsas de estudo para forma\\u00e7\\u00e3o acad\\u00eamica e profissional, dentro e fora do pa\\u00eds, observando as pol\\u00edticas e as \\u00e1reas priorit\\u00e1rias definidas pelo governo.&quot;]\"><\/span><\/span>[\/vc_tta_section][vc_tta_section i_icon_fontawesome=&#8221;fas fa-eye&#8221; add_icon=&#8221;true&#8221; title=&#8221;Vis\u00e3o&#8221; tab_id=&#8221;1616782011728-cda9d866-7330&#8243;]<div class=\"vcex-animated-text vcex-module wpex-m-0 wpex-text-xl wpex-text-gray-900 wpex-font-semibold wpex-leading-none vcex-typed-text-wrap wpex-mb-20  wpb_animate_when_almost_visible wpb_fadeInRight fadeInRight\" style=\"color:rgba(47,124,191,0.76);font-weight:400;\"><span class=\"screen-reader-text\"><span>Promover a forma\u00e7\u00e3o de quadros de qualidade, atra\u00edndo jovens com elevada capacidade e sentido de responsabilidade e de interven\u00e7\u00e3o comprometida com o desenvolvimento de Mo\u00e7ambique.<\/span><\/span><span class=\"vcex-ph wpex-inline-block wpex-invisible\"><\/span><span class=\"vcex-typed-text\" data-settings=\"{&quot;typeSpeed&quot;:&quot;40&quot;,&quot;loop&quot;:true,&quot;showCursor&quot;:true,&quot;backDelay&quot;:400,&quot;backSpeed&quot;:&quot;0&quot;,&quot;startDelay&quot;:&quot;0&quot;}\" data-strings=\"[&quot;Promover a forma\\u00e7\\u00e3o de quadros de qualidade, atra\\u00edndo jovens com elevada capacidade e sentido de responsabilidade e de interven\\u00e7\\u00e3o comprometida com o desenvolvimento de Mo\\u00e7ambique.&quot;]\"><\/span><\/div>[\/vc_tta_section][vc_tta_section i_icon_fontawesome=&#8221;fas fa-plane-arrival&#8221; add_icon=&#8221;true&#8221; title=&#8221;Valores&#8221; tab_id=&#8221;1616782011209-37bd7b9d-1a1c&#8221;]<div class=\"vcex-animated-text vcex-module wpex-m-0 wpex-text-xl wpex-text-gray-900 wpex-font-semibold wpex-leading-none vcex-typed-text-wrap wpex-mb-20  wpb_animate_when_almost_visible wpb_fadeInUp fadeInUp\" style=\"color:#4184bf;font-weight:400;\"><span class=\"screen-reader-text\"><span>Promover a forma\u00e7\u00e3o de quadros de qualidade, atra\u00edndo jovens com elevada capacidade e sentido de responsabilidade e de interven\u00e7\u00e3o comprometida com o desenvolvimento de Mo\u00e7ambique.<\/span><\/span><span class=\"vcex-ph wpex-inline-block wpex-invisible\"><\/span><span class=\"vcex-typed-text\" data-settings=\"{&quot;typeSpeed&quot;:&quot;40&quot;,&quot;loop&quot;:true,&quot;showCursor&quot;:true,&quot;backDelay&quot;:500,&quot;backSpeed&quot;:&quot;0&quot;,&quot;startDelay&quot;:&quot;0&quot;}\" data-strings=\"[&quot;Promover a forma\\u00e7\\u00e3o de quadros de qualidade, atra\\u00edndo jovens com elevada capacidade e sentido de responsabilidade e de interven\\u00e7\\u00e3o comprometida com o desenvolvimento de Mo\\u00e7ambique.&quot;]\"><\/span><\/div>[\/vc_tta_section][\/vc_tta_tabs][\/vc_column][\/vc_row][vc_row][vc_column width=&#8221;1\/3&#8243;]<div class=\"vcex-module vcex-milestone wpex-text-center vcex-ip-top wpex-clr\"><div class=\"vcex-milestone-inner wpex-inline-block\"><span class=\"vcex-milestone-icon wpex-inline-block wpex-leading-none wpex-mb-15\" style=\"color:#1e73be;\"><span class=\"ticon ticon-graduation-cap\" aria-hidden=\"true\"><\/span><\/span><div class=\"vcex-milestone-desc\"><div class=\"vcex-milestone-number wpex-leading-none wpex-font-semibold\" style=\"color:#1e73be;font-family:Century Gothic, CenturyGothic, AppleGothic, sans-serif;\"><span class=\"vcex-milestone-before\"><\/span><span class=\"vcex-milestone-time vcex-countup\" data-options=\"{&quot;startVal&quot;:0,&quot;endVal&quot;:3149,&quot;duration&quot;:2.5,&quot;decimals&quot;:0,&quot;separator&quot;:&quot;,&quot;,&quot;decimal&quot;:&quot;.&quot;}\">0<\/span><\/div><div class=\"vcex-milestone-caption wpex-mt-5 wpex-font-light wpex-text-lg\" style=\"color:#1e73be;\">Total de Bolseiros<\/div><\/div><\/div><\/div>[\/vc_column][vc_column width=&#8221;1\/3&#8243;]<div class=\"vcex-module vcex-milestone wpex-text-center vcex-ip-top wpex-clr\"><div class=\"vcex-milestone-inner wpex-inline-block\"><span class=\"vcex-milestone-icon wpex-inline-block wpex-leading-none wpex-mb-15\" style=\"color:#1e73be;\"><span class=\"ticon ticon-globe\" aria-hidden=\"true\"><\/span><\/span><div class=\"vcex-milestone-desc\"><div class=\"vcex-milestone-number wpex-leading-none wpex-font-semibold\" style=\"color:#1e73be;font-family:Century Gothic, CenturyGothic, AppleGothic, sans-serif;\"><span class=\"vcex-milestone-before\"><\/span><span class=\"vcex-milestone-time vcex-countup\" data-options=\"{&quot;startVal&quot;:0,&quot;endVal&quot;:22,&quot;duration&quot;:2.5,&quot;decimals&quot;:0,&quot;separator&quot;:&quot;,&quot;,&quot;decimal&quot;:&quot;.&quot;}\">0<\/span><\/div><div class=\"vcex-milestone-caption wpex-mt-5 wpex-font-light wpex-text-lg\" style=\"color:#1e73be;\">Paises parceiros<\/div><\/div><\/div><\/div>[\/vc_column][vc_column width=&#8221;1\/3&#8243;]<div class=\"vcex-module vcex-milestone wpex-text-center vcex-ip-top wpex-clr\"><div class=\"vcex-milestone-inner wpex-inline-block\"><span class=\"vcex-milestone-icon wpex-inline-block wpex-leading-none wpex-mb-15\" style=\"color:#1e73be;\"><span class=\"ticon ticon-map-marker\" aria-hidden=\"true\"><\/span><\/span><div class=\"vcex-milestone-desc\"><div class=\"vcex-milestone-number wpex-leading-none wpex-font-semibold\" style=\"color:#1e73be;font-family:Century Gothic, CenturyGothic, AppleGothic, sans-serif;\"><span class=\"vcex-milestone-before\"><\/span><span class=\"vcex-milestone-time vcex-countup\" data-options=\"{&quot;startVal&quot;:0,&quot;endVal&quot;:11,&quot;duration&quot;:2.5,&quot;decimals&quot;:0,&quot;separator&quot;:&quot;,&quot;,&quot;decimal&quot;:&quot;.&quot;}\">0<\/span><\/div><div class=\"vcex-milestone-caption wpex-mt-5 wpex-font-light wpex-text-lg\" style=\"color:#1e73be;\">Prov\u00edncias<\/div><\/div><\/div><\/div>[\/vc_column][\/vc_row][vc_row][vc_column]<div class=\"vcex-module vcex-divider vcex-divider-double  wpb_animate_when_almost_visible wpb_bounceIn bounceIn wpex-max-w-100 wpex-mx-auto vcex-divider-has-icon wpex-flex wpex-items-center\"><div class=\"vcex-divider-border wpex-flex-grow wpex-border-y wpex-border-solid wpex-border-gray-200 wpex-pb-5\" style=\"border-color:#10568c;\"><\/div><span class=\"vcex-divider-icon-span wpex-box-content wpex-inline-block wpex-text-center wpex-text-gray wpex-text-lg wpex-py-10 wpex-px-20\" style=\"color:#3379bf;\"><span class=\"ticon ticon-graduation-cap\" aria-hidden=\"true\"><\/span><\/span><div class=\"vcex-divider-border wpex-flex-grow wpex-border-y wpex-border-solid wpex-border-gray-200 wpex-pb-5\" style=\"border-color:#10568c;\"><\/div><\/div>[\/vc_column][\/vc_row][vc_row][vc_column]<div class=\"vcex-module vcex-testimonials-grid-wrap wpex-clr\"><div class=\"theme-heading border-bottom vcex-module-heading vcex_testimonials_grid-heading\"><span class=\"text\">Mensagem de estudantes bolseiros<\/span><\/div><div class=\"wpex-row vcex-testimonials-grid wpex-clr\"><div class=\"testimonial-entry vcex-grid-item span_1_of_3 col-1 col  wpb_animate_when_almost_visible wpb_bounceIn bounceIn post-736 entry type-testimonials has-media cat-33 cat-38\"><div class=\"testimonial-entry-content wpex-relative wpex-boxed wpex-border-0 wpex-clr\"><span class=\"testimonial-caret\"><\/span><div class=\"testimonial-entry-details testimonial-entry-text wpex-last-mb-0 wpex-clr\"><p>Sauda\u00e7\u00f5es \u00e0 moda mo\u00e7ambicana. Aceitem os nossos cumprimentos em nome dos estudantes mo\u00e7ambicanos na Federa\u00e7\u00e3o Russa. Gostar\u00edamos de alinhar na atitude dos nossos conterr\u00e2neos em qualquer outro pa\u00eds, porque partilhamos da mesma oportunidade de estudar.<\/p>\n<\/div><\/div><div class=\"testimonial-entry-bottom wpex-flex wpex-flex-wrap wpex-mt-20\"><div class=\"testimonial-entry-thumb wpex-max-w-100 wpex-flex-shrink-0 wpex-mr-20 default-dims\"><img decoding=\"async\" loading=\"lazy\" class=\"testimonials-entry-img wpex-align-middle wpex-round wpex-border wpex-border-solid wpex-border-main\" src=\"https:\/\/www.ibe.gov.mz\/wp-content\/uploads\/2013\/11\/user.jpg\" alt=\"\" width=\"225\" height=\"225\" \/><\/div><div class=\"testimonial-entry-meta wpex-flex-grow\"><span class=\"testimonial-entry-author entry-title wpex-m-0\">Isabel Ruth<\/span><a href=\"#\" class=\"testimonial-entry-company wpex-text-gray-500\" target=\"_blank\" rel=\"noopener noreferrer\">Federa\u00e7\u00e3o Russa<\/a><\/div><\/div><\/div><div class=\"testimonial-entry vcex-grid-item span_1_of_3 col-2 col  wpb_animate_when_almost_visible wpb_bounceIn bounceIn post-730 entry type-testimonials has-media cat-33\"><div class=\"testimonial-entry-content wpex-relative wpex-boxed wpex-border-0 wpex-clr\"><span class=\"testimonial-caret\"><\/span><div class=\"testimonial-entry-details testimonial-entry-text wpex-last-mb-0 wpex-clr\"><p>Aceitem os nossos cumprimentos em nome dos estudantes mo\u00e7ambicanos na Federa\u00e7\u00e3o Russa. Gostar\u00edamos de alinhar na atitude dos nossos conterr\u00e2neos em qualquer outro pa\u00eds, porque partilhamos da mesma oportunidade de estudar.<\/p>\n<\/div><\/div><div class=\"testimonial-entry-bottom wpex-flex wpex-flex-wrap wpex-mt-20\"><div class=\"testimonial-entry-thumb wpex-max-w-100 wpex-flex-shrink-0 wpex-mr-20 default-dims\"><img decoding=\"async\" loading=\"lazy\" class=\"testimonials-entry-img wpex-align-middle wpex-round wpex-border wpex-border-solid wpex-border-main\" src=\"https:\/\/www.ibe.gov.mz\/wp-content\/uploads\/2013\/11\/user.jpg\" alt=\"\" width=\"225\" height=\"225\" \/><\/div><div class=\"testimonial-entry-meta wpex-flex-grow\"><span class=\"testimonial-entry-author entry-title wpex-m-0\">Katia Timane<\/span><a href=\"#\" class=\"testimonial-entry-company wpex-text-gray-500\" target=\"_blank\" rel=\"noopener noreferrer\">Federa\u00e7\u00e3o Russa<\/a><div class=\"\"><span class=\"ticon ticon-star\" aria-hidden=\"true\"><\/span><span class=\"ticon ticon-star\" aria-hidden=\"true\"><\/span><span class=\"ticon ticon-star\" aria-hidden=\"true\"><\/span><span class=\"ticon ticon-star\" aria-hidden=\"true\"><\/span><span class=\"ticon ticon-star-empty\" aria-hidden=\"true\"><\/span><span class=\"screen-reader-text\">Rating: 4<\/span><\/div><\/div><\/div><\/div><div class=\"testimonial-entry vcex-grid-item span_1_of_3 col-3 col  wpb_animate_when_almost_visible wpb_bounceIn bounceIn post-727 entry type-testimonials has-media cat-27 cat-38\"><div class=\"testimonial-entry-content wpex-relative wpex-boxed wpex-border-0 wpex-clr\"><span class=\"testimonial-caret\"><\/span><div class=\"testimonial-entry-details testimonial-entry-text wpex-last-mb-0 wpex-clr\"><p>Aceitem os nossos cumprimentos em nome dos estudantes mo\u00e7ambicanos na Federa\u00e7\u00e3o Russa. Gostar\u00edamos de alinhar na atitude dos nossos conterr\u00e2neos em qualquer outro pa\u00eds, porque partilhamos da mesma oportunidade de estudar.<\/p>\n<\/div><\/div><div class=\"testimonial-entry-bottom wpex-flex wpex-flex-wrap wpex-mt-20\"><div class=\"testimonial-entry-thumb wpex-max-w-100 wpex-flex-shrink-0 wpex-mr-20 default-dims\"><img decoding=\"async\" loading=\"lazy\" class=\"testimonials-entry-img wpex-align-middle wpex-round wpex-border wpex-border-solid wpex-border-main\" src=\"https:\/\/www.ibe.gov.mz\/wp-content\/uploads\/2016\/09\/staff3.jpg\" alt=\"\" width=\"700\" height=\"583\" \/><\/div><div class=\"testimonial-entry-meta wpex-flex-grow\"><span class=\"testimonial-entry-author entry-title wpex-m-0\">Caspar Leopold<\/span><a href=\"#\" class=\"testimonial-entry-company wpex-text-gray-500\" target=\"_blank\" rel=\"noopener noreferrer\">Ag\u00eancia Japonesa de Coopera\u00e7\u00e3o<\/a><div class=\"\"><span class=\"ticon ticon-star\" aria-hidden=\"true\"><\/span><span class=\"ticon ticon-star\" aria-hidden=\"true\"><\/span><span class=\"ticon ticon-star\" aria-hidden=\"true\"><\/span><span class=\"ticon ticon-star-half-empty\" aria-hidden=\"true\"><\/span><span class=\"ticon ticon-star-empty\" aria-hidden=\"true\"><\/span><span class=\"screen-reader-text\">Rating: 3.3<\/span><\/div><\/div><\/div><\/div><\/div><\/div>[\/vc_column][\/vc_row][vc_row][vc_column css_animation=&#8221;bounceIn&#8221;]<div class=\"theme-heading border-bottom vcex-module-heading vcex_image_carousel-heading\"><span class=\"text\">Nossos Parceiros<\/span><\/div><div class=\"vcex-module wpex-carousel wpex-carousel-images wpex-clr owl-carousel arrwstyle-default\" data-wpex-carousel=\"{&quot;nav&quot;:true,&quot;dots&quot;:false,&quot;autoplay&quot;:false,&quot;loop&quot;:true,&quot;center&quot;:false,&quot;smartSpeed&quot;:250,&quot;items&quot;:4,&quot;slideBy&quot;:1,&quot;autoplayTimeout&quot;:5000,&quot;margin&quot;:15,&quot;itemsTablet&quot;:3,&quot;itemsMobileLandscape&quot;:2,&quot;itemsMobilePortrait&quot;:1,&quot;autoWidth&quot;:false,&quot;autoHeight&quot;:false}\"><div class=\"wpex-carousel-slide textcenter\"><figure class=\"wpex-carousel-entry-media entry-media wpex-mb-20\"><img loading=\"lazy\" decoding=\"async\" data-no-lazy=\"1\" class=\"wpex-align-middle skip-lazy\" src=\"https:\/\/www.ibe.gov.mz\/wp-content\/uploads\/2021\/04\/unilab-150x104.png\" alt=\"\" width=\"150\" height=\"104\" \/><\/figure><\/div><div class=\"wpex-carousel-slide textcenter\"><figure class=\"wpex-carousel-entry-media entry-media wpex-mb-20\"><img loading=\"lazy\" decoding=\"async\" data-no-lazy=\"1\" class=\"wpex-align-middle skip-lazy\" src=\"https:\/\/www.ibe.gov.mz\/wp-content\/uploads\/2021\/03\/vietname-Copy-150x100.png\" alt=\"\" width=\"150\" height=\"100\" \/><\/figure><\/div><div class=\"wpex-carousel-slide textcenter\"><figure class=\"wpex-carousel-entry-media entry-media wpex-mb-20\"><img loading=\"lazy\" decoding=\"async\" data-no-lazy=\"1\" class=\"wpex-align-middle skip-lazy\" src=\"https:\/\/www.ibe.gov.mz\/wp-content\/uploads\/2021\/03\/japao-150x84.jpg\" alt=\"\" width=\"150\" height=\"84\" \/><\/figure><\/div><div class=\"wpex-carousel-slide textcenter\"><figure class=\"wpex-carousel-entry-media entry-media wpex-mb-20\"><img loading=\"lazy\" decoding=\"async\" data-no-lazy=\"1\" class=\"wpex-align-middle skip-lazy\" src=\"https:\/\/www.ibe.gov.mz\/wp-content\/uploads\/2021\/03\/argelia-150x100.jpg\" alt=\"\" width=\"150\" height=\"100\" \/><\/figure><\/div><div class=\"wpex-carousel-slide textcenter\"><figure class=\"wpex-carousel-entry-media entry-media wpex-mb-20\"><img loading=\"lazy\" decoding=\"async\" data-no-lazy=\"1\" class=\"wpex-align-middle skip-lazy\" src=\"https:\/\/www.ibe.gov.mz\/wp-content\/uploads\/2021\/03\/australia-150x79.png\" alt=\"\" width=\"150\" height=\"79\" \/><\/figure><\/div><div class=\"wpex-carousel-slide textcenter\"><figure class=\"wpex-carousel-entry-media entry-media wpex-mb-20\"><img loading=\"lazy\" decoding=\"async\" data-no-lazy=\"1\" class=\"wpex-align-middle skip-lazy\" src=\"https:\/\/www.ibe.gov.mz\/wp-content\/uploads\/2021\/03\/china-Copy-150x90.jpg\" alt=\"\" width=\"150\" height=\"90\" \/><\/figure><\/div><div class=\"wpex-carousel-slide textcenter\"><figure class=\"wpex-carousel-entry-media entry-media wpex-mb-20\"><img loading=\"lazy\" decoding=\"async\" data-no-lazy=\"1\" class=\"wpex-align-middle skip-lazy\" src=\"https:\/\/www.ibe.gov.mz\/wp-content\/uploads\/2021\/03\/CUBA-150x75.png\" alt=\"\" width=\"150\" height=\"75\" \/><\/figure><\/div><div class=\"wpex-carousel-slide textcenter\"><figure class=\"wpex-carousel-entry-media entry-media wpex-mb-20\"><img loading=\"lazy\" decoding=\"async\" data-no-lazy=\"1\" class=\"wpex-align-middle skip-lazy\" src=\"https:\/\/www.ibe.gov.mz\/wp-content\/uploads\/2021\/03\/reino-unido-Copy-150x90.png\" alt=\"\" width=\"150\" height=\"90\" \/><\/figure><\/div><div class=\"wpex-carousel-slide textcenter\"><figure class=\"wpex-carousel-entry-media entry-media wpex-mb-20\"><img loading=\"lazy\" decoding=\"async\" data-no-lazy=\"1\" class=\"wpex-align-middle skip-lazy\" src=\"https:\/\/www.ibe.gov.mz\/wp-content\/uploads\/2021\/03\/russia-Copy-150x84.jpg\" alt=\"\" width=\"150\" height=\"84\" \/><\/figure><\/div><div class=\"wpex-carousel-slide textcenter\"><figure class=\"wpex-carousel-entry-media entry-media wpex-mb-20\"><img loading=\"lazy\" decoding=\"async\" data-no-lazy=\"1\" class=\"wpex-align-middle skip-lazy\" src=\"https:\/\/www.ibe.gov.mz\/wp-content\/uploads\/2021\/03\/tanzania-150x100.png\" alt=\"\" width=\"150\" height=\"100\" \/><\/figure><\/div><div class=\"wpex-carousel-slide textcenter\"><figure class=\"wpex-carousel-entry-media entry-media wpex-mb-20\"><img loading=\"lazy\" decoding=\"async\" data-no-lazy=\"1\" class=\"wpex-align-middle skip-lazy\" src=\"https:\/\/www.ibe.gov.mz\/wp-content\/uploads\/2021\/03\/VENEZUELA-Copy-150x100.png\" alt=\"\" width=\"150\" height=\"100\" \/><\/figure><\/div><\/div>[\/vc_column][\/vc_row]\n","protected":false},"excerpt":{"rendered":"<p>[vc_row full_width=&#8221;stretch_row_content_no_spaces&#8221; css=&#8221;.vc_custom_1489893861136{padding-bottom: 20px !important;}&#8221;][vc_column][rev_slider_vc alias=&#8221;slider_7&#8243;][\/vc_column][\/vc_row][vc_row bg_style=&#8221;stretch&#8221;][vc_column width=&#8221;1\/3&#8243;][vc_video link=&#8221;https:\/\/youtu.be\/2jbKPlZ3c54&#8243; align=&#8221;center&#8221; css_animation=&#8221;bounceIn&#8221;][\/vc_column][vc_column css_animation=&#8221;bounceIn&#8221; width=&#8221;2\/3&#8243;][vc_tta_tabs][vc_tta_section i_icon_fontawesome=&#8221;fas fa-landmark&#8221; add_icon=&#8221;true&#8221; title=&#8221;Natureza&#8221; tab_id=&#8221;1616779952572-27554b47-866d&#8221;][\/vc_tta_section][vc_tta_section i_icon_fontawesome=&#8221;fas fa-handshake&#8221; add_icon=&#8221;true&#8221; title=&#8221;Miss\u00e3o&#8221; tab_id=&#8221;1616782012443-36e38280-12b8&#8243;][\/vc_tta_section][vc_tta_section i_icon_fontawesome=&#8221;fas fa-eye&#8221; add_icon=&#8221;true&#8221; title=&#8221;Vis\u00e3o&#8221; tab_id=&#8221;1616782011728-cda9d866-7330&#8243;][\/vc_tta_section][vc_tta_section i_icon_fontawesome=&#8221;fas fa-plane-arrival&#8221; add_icon=&#8221;true&#8221; title=&#8221;Valores&#8221; tab_id=&#8221;1616782011209-37bd7b9d-1a1c&#8221;][\/vc_tta_section][\/vc_tta_tabs][\/vc_column][\/vc_row][vc_row][vc_column width=&#8221;1\/3&#8243;][\/vc_column][vc_column width=&#8221;1\/3&#8243;][\/vc_column][vc_column width=&#8221;1\/3&#8243;][\/vc_column][\/vc_row][vc_row][vc_column][\/vc_column][\/vc_row][vc_row][vc_column][\/vc_column][\/vc_row][vc_row][vc_column css_animation=&#8221;bounceIn&#8221;][\/vc_column][\/vc_row]<\/p>\n","protected":false},"author":1,"featured_media":0,"parent":0,"menu_order":0,"comment_status":"closed","ping_status":"closed","template":"","meta":{"footnotes":""},"class_list":["post-839","page","type-page","status-publish","hentry","entry","no-media"],"_links":{"self":[{"href":"https:\/\/www.ibe.gov.mz\/index.php?rest_route=\/wp\/v2\/pages\/839","targetHints":{"allow":["GET"]}}],"collection":[{"href":"https:\/\/www.ibe.gov.mz\/index.php?rest_route=\/wp\/v2\/pages"}],"about":[{"href":"https:\/\/www.ibe.gov.mz\/index.php?rest_route=\/wp\/v2\/types\/page"}],"author":[{"embeddable":true,"href":"https:\/\/www.ibe.gov.mz\/index.php?rest_route=\/wp\/v2\/users\/1"}],"replies":[{"embeddable":true,"href":"https:\/\/www.ibe.gov.mz\/index.php?rest_route=%2Fwp%2Fv2%2Fcomments&post=839"}],"version-history":[{"count":6,"href":"https:\/\/www.ibe.gov.mz\/index.php?rest_route=\/wp\/v2\/pages\/839\/revisions"}],"predecessor-version":[{"id":6359,"href":"https:\/\/www.ibe.gov.mz\/index.php?rest_route=\/wp\/v2\/pages\/839\/revisions\/6359"}],"wp:attachment":[{"href":"https:\/\/www.ibe.gov.mz\/index.php?rest_route=%2Fwp%2Fv2%2Fmedia&parent=839"}],"curies":[{"name":"wp","href":"https:\/\/api.w.org\/{rel}","templated":true}]}}