{"id":3004,"date":"2014-01-08T21:45:03","date_gmt":"2014-01-08T21:45:03","guid":{"rendered":"http:\/\/totaltheme.wpengine.com\/base\/?page_id=3004"},"modified":"2021-03-26T23:52:31","modified_gmt":"2021-03-26T23:52:31","slug":"homepage-19","status":"publish","type":"page","link":"https:\/\/www.ibe.gov.mz\/?page_id=3004","title":{"rendered":"\u00d3rg\u00e3os do IBE"},"content":{"rendered":"[vc_row][vc_column][vc_tta_tour][vc_tta_section title=&#8221;Conselho Nacional de Bolsas de Estudo&#8221; tab_id=&#8221;1616801180417-ee306630-af31&#8243;][vc_column_text css_animation=&#8221;bounceIn&#8221; responsive_text=&#8221;true&#8221;]<span class=\"fontstyle0\"><strong>O conselho Nacional de Bolsas de Estudo<\/strong> \u00e9 composto pelos seguintes membros:<\/span><\/p>\n<ul>\n<li><span class=\"fontstyle2\">Membros do Conselho consultivo de Bolsas de Estudo;<\/span><\/li>\n<li><span class=\"fontstyle2\">Representantes das institui\u00e7\u00f5es de Ensino Superior, designados pelo conselho do Ensino Superior;<\/span><\/li>\n<li><span class=\"fontstyle2\">Delegados Provinciais do Instituto de Bolsas de Estudo;<\/span><\/li>\n<li><span class=\"fontstyle2\">Representantes do Instituto de Bolsas de Estudo no exterior;<\/span><\/li>\n<li><span class=\"fontstyle2\">Representantes das associa\u00e7\u00f5es de Estudantes, designados atrav\u00e9s do respectivo f\u00f3rum;<\/span><\/li>\n<li><span class=\"fontstyle2\">Representante do sector empresarial;<\/span><\/li>\n<li><span class=\"fontstyle2\">Representantes do provenientes dos Minist\u00e9rios que superintendem as \u00e1reas de:<\/span><\/li>\n<li><span class=\"fontstyle2\">Ci\u00eancias e Tecnologia, Ensino Superior, Ensino T\u00e9cnico pro\u00a6ssional, Finan\u00e7as, Neg\u00f3cios estrangeiros e coopera\u00e7\u00e3o, Trabalho, Fun\u00e7\u00e3o Publica, Interior e G\u00eanero.<\/span><\/li>\n<\/ul>\n[\/vc_column_text][\/vc_tta_section][vc_tta_section title=&#8221;Section 2&#8243; tab_id=&#8221;1616801180430-adedada1-ca04&#8243;][\/vc_tta_section][\/vc_tta_tour][\/vc_column][\/vc_row]\n","protected":false},"excerpt":{"rendered":"<p>[vc_row][vc_column][vc_tta_tour][vc_tta_section title=&#8221;Conselho Nacional de Bolsas de Estudo&#8221; tab_id=&#8221;1616801180417-ee306630-af31&#8243;][vc_column_text css_animation=&#8221;bounceIn&#8221; responsive_text=&#8221;true&#8221;]O conselho Nacional de Bolsas de Estudo \u00e9 composto pelos seguintes membros: Membros do Conselho consultivo de Bolsas de Estudo; Representantes das institui\u00e7\u00f5es de Ensino Superior, designados pelo conselho do Ensino&hellip;<\/p>\n","protected":false},"author":1,"featured_media":0,"parent":839,"menu_order":0,"comment_status":"closed","ping_status":"closed","template":"","meta":{"footnotes":""},"class_list":["post-3004","page","type-page","status-publish","hentry","entry","no-media"],"_links":{"self":[{"href":"https:\/\/www.ibe.gov.mz\/index.php?rest_route=\/wp\/v2\/pages\/3004","targetHints":{"allow":["GET"]}}],"collection":[{"href":"https:\/\/www.ibe.gov.mz\/index.php?rest_route=\/wp\/v2\/pages"}],"about":[{"href":"https:\/\/www.ibe.gov.mz\/index.php?rest_route=\/wp\/v2\/types\/page"}],"author":[{"embeddable":true,"href":"https:\/\/www.ibe.gov.mz\/index.php?rest_route=\/wp\/v2\/users\/1"}],"replies":[{"embeddable":true,"href":"https:\/\/www.ibe.gov.mz\/index.php?rest_route=%2Fwp%2Fv2%2Fcomments&post=3004"}],"version-history":[{"count":0,"href":"https:\/\/www.ibe.gov.mz\/index.php?rest_route=\/wp\/v2\/pages\/3004\/revisions"}],"up":[{"embeddable":true,"href":"https:\/\/www.ibe.gov.mz\/index.php?rest_route=\/wp\/v2\/pages\/839"}],"wp:attachment":[{"href":"https:\/\/www.ibe.gov.mz\/index.php?rest_route=%2Fwp%2Fv2%2Fmedia&parent=3004"}],"curies":[{"name":"wp","href":"https:\/\/api.w.org\/{rel}","templated":true}]}}